{"id":811,"date":"2021-11-16T21:11:37","date_gmt":"2021-11-16T20:11:37","guid":{"rendered":"https:\/\/katlapinski.management\/projects\/"},"modified":"2021-11-17T20:42:55","modified_gmt":"2021-11-17T19:42:55","slug":"projects","status":"publish","type":"page","link":"https:\/\/katlapinski.management\/en\/projects\/","title":{"rendered":"projects"},"content":{"rendered":"\t\t<div data-elementor-type=\"wp-page\" data-elementor-id=\"811\" class=\"elementor elementor-811 elementor-70\">\n\t\t\t\t\t\t<div class=\"elementor-inner\">\n\t\t\t\t<div class=\"elementor-section-wrap\">\n\t\t\t\t\t\t\t\t\t<section class=\"elementor-section elementor-top-section elementor-element elementor-element-bd8f02e elementor-reverse-mobile elementor-section-boxed elementor-section-height-default elementor-section-height-default\" data-id=\"bd8f02e\" data-element_type=\"section\" data-settings=\"{&quot;background_background&quot;:&quot;classic&quot;}\">\n\t\t\t\t\t\t<div class=\"elementor-container elementor-column-gap-default\">\n\t\t\t\t\t\t\t<div class=\"elementor-row\">\n\t\t\t\t\t<div class=\"elementor-column elementor-col-50 elementor-top-column elementor-element elementor-element-fb779eb\" data-id=\"fb779eb\" data-element_type=\"column\">\n\t\t\t<div class=\"elementor-column-wrap elementor-element-populated\">\n\t\t\t\t\t\t\t<div class=\"elementor-widget-wrap\">\n\t\t\t\t\t\t<div class=\"elementor-element elementor-element-e920555 elementor-widget elementor-widget-text-editor\" data-id=\"e920555\" data-element_type=\"widget\" data-widget_type=\"text-editor.default\">\n\t\t\t\t<div class=\"elementor-widget-container\">\n\t\t\t\t\t\t\t\t<div class=\"elementor-text-editor elementor-clearfix\">\n\t\t\t\t<p>\u00bb Have a look at my achievements and accomplishments. \u00ab<\/p>\n\t\t\t\t\t<\/div>\n\t\t\t\t\t\t<\/div>\n\t\t\t\t<\/div>\n\t\t\t\t\t\t<\/div>\n\t\t\t\t\t<\/div>\n\t\t<\/div>\n\t\t\t\t<div class=\"elementor-column elementor-col-50 elementor-top-column elementor-element elementor-element-414778a\" data-id=\"414778a\" data-element_type=\"column\">\n\t\t\t<div class=\"elementor-column-wrap elementor-element-populated\">\n\t\t\t\t\t\t\t<div class=\"elementor-widget-wrap\">\n\t\t\t\t\t\t<div class=\"elementor-element elementor-element-83a22ea elementor-widget elementor-widget-image\" data-id=\"83a22ea\" data-element_type=\"widget\" data-widget_type=\"image.default\">\n\t\t\t\t<div class=\"elementor-widget-container\">\n\t\t\t\t\t\t\t\t<div class=\"elementor-image\">\n\t\t\t\t\t\t\t\t\t\t\t\t<img width=\"800\" height=\"600\" src=\"https:\/\/katlapinski.management\/wp-content\/uploads\/2021\/01\/Katlapinski-Interim-Management-projects-portrait-01.jpg\" class=\"attachment-large size-large\" alt=\"\" loading=\"lazy\" srcset=\"https:\/\/katlapinski.management\/wp-content\/uploads\/2021\/01\/Katlapinski-Interim-Management-projects-portrait-01.jpg 800w, https:\/\/katlapinski.management\/wp-content\/uploads\/2021\/01\/Katlapinski-Interim-Management-projects-portrait-01-300x225.jpg 300w, https:\/\/katlapinski.management\/wp-content\/uploads\/2021\/01\/Katlapinski-Interim-Management-projects-portrait-01-768x576.jpg 768w\" sizes=\"(max-width: 800px) 100vw, 800px\" \/>\t\t\t\t\t\t\t\t\t\t\t\t\t\t<\/div>\n\t\t\t\t\t\t<\/div>\n\t\t\t\t<\/div>\n\t\t\t\t\t\t<\/div>\n\t\t\t\t\t<\/div>\n\t\t<\/div>\n\t\t\t\t\t\t\t\t<\/div>\n\t\t\t\t\t<\/div>\n\t\t<\/section>\n\t\t\t\t<section class=\"elementor-section elementor-top-section elementor-element elementor-element-92d1578 elementor-section-boxed elementor-section-height-default elementor-section-height-default\" data-id=\"92d1578\" data-element_type=\"section\" data-settings=\"{&quot;background_background&quot;:&quot;classic&quot;}\">\n\t\t\t\t\t\t<div class=\"elementor-container elementor-column-gap-default\">\n\t\t\t\t\t\t\t<div class=\"elementor-row\">\n\t\t\t\t\t<div class=\"elementor-column elementor-col-100 elementor-top-column elementor-element elementor-element-1f8ae2d\" data-id=\"1f8ae2d\" data-element_type=\"column\">\n\t\t\t<div class=\"elementor-column-wrap elementor-element-populated\">\n\t\t\t\t\t\t\t<div class=\"elementor-widget-wrap\">\n\t\t\t\t\t\t<div class=\"elementor-element elementor-element-fb58676 elementor-widget elementor-widget-heading\" data-id=\"fb58676\" data-element_type=\"widget\" data-widget_type=\"heading.default\">\n\t\t\t\t<div class=\"elementor-widget-container\">\n\t\t\t<h2 class=\"elementor-heading-title elementor-size-default\">Insights to my project assignments<\/h2>\t\t<\/div>\n\t\t\t\t<\/div>\n\t\t\t\t<div class=\"elementor-element elementor-element-0383ed1 uael-post__link-complete-yes uael-equal__height-yes elementor-widget elementor-widget-uael-posts\" data-id=\"0383ed1\" data-element_type=\"widget\" data-settings=\"{&quot;classic_slides_to_show_tablet&quot;:1,&quot;classic_slides_to_show&quot;:3,&quot;classic_slides_to_show_mobile&quot;:1}\" data-widget_type=\"uael-posts.classic\">\n\t\t\t\t<div class=\"elementor-widget-container\">\n\t\t\t\t\t<div class=\"uael-post__header\">\n\t\t\t\t\t<\/div>\n\t\t<div class=\"uael-post__body\">\n\t\t\t\n\t\t\n\t\t<div class=\"uael-blog-terms-position- uael-post-image-top uael-post-grid uael-posts\" data-query-type=\"custom\" data-structure=\"normal\" data-layout=\"\" data-page=\"811\" data-skin=\"classic\" data-filter-default=\"\" data-offset-top=\"30\" >\n\n\t\t\t\t\t\t\t<div class=\"uael-post-grid__inner uael-post__columns-3 uael-post__columns-tablet-1 uael-post__columns-mobile-1\">\n\t\t\t\n<div class=\"uael-post-wrapper   uncategorized \">\n\t<div class=\"uael-post__bg-wrap\">\n\n\t\t\t\t\t<a href=\"https:\/\/katlapinski.management\/en\/new-development-us-business-greenfield-operation-for-former-ruetgers-automotive-ag\/\" target=\"_self\" class=\"uael-post__complete-box-overlay\" aria-label=\"Link Complete Box\"><\/a>\n\t\t\t\t\n\t\t<div class=\"uael-post__inner-wrap\">\n\n\t\t\t\t<div class=\"uael-post__thumbnail\">\n\t\t\t\n\t\t\t<a href=\"https:\/\/katlapinski.management\/en\/new-development-us-business-greenfield-operation-for-former-ruetgers-automotive-ag\/\" target=\"_self\" title=\"New-Development US-Business \/ Greenfield Operation for former R\u00fctgers Automotive AG\"><img width=\"900\" height=\"400\" src=\"https:\/\/katlapinski.management\/wp-content\/uploads\/2021\/01\/Katlapinski-Interim-Management-beitrag-greenfield-01.jpg\" class=\"attachment-full size-full\" alt=\"\" loading=\"lazy\" \/><\/a>\n\t\t\t\t\t<\/div>\n\t\t\n\t\t\t\n\t\t\t<div class=\"uael-post__content-wrap\">\n\t\t\t\t\t<h3 class=\"uael-post__title\">\n\n\t\t\n\t\t\t\t\t\t<a href=\"https:\/\/katlapinski.management\/en\/new-development-us-business-greenfield-operation-for-former-ruetgers-automotive-ag\/\" target=\"_self\">\n\t\t\t\tNew-Development US-Business \/ Greenfield Operation for former R\u00fctgers Automotive AG\t\t\t<\/a>\n\n\t\t\t\t<\/h3>\n\t\t\n\t\t<div class=\"uael-post__excerpt\">\n\t\t\t<p>R\u00fctgers Automotive AG, Ruhrkohle<br \/>\ntoday Sika AG<\/p>\n\t\t<\/div>\n\n\t\t\t\t\t<a class=\"uael-post__read-more elementor-button\" href=\"https:\/\/katlapinski.management\/en\/new-development-us-business-greenfield-operation-for-former-ruetgers-automotive-ag\/\" target=\"_self\" aria-labelledby=\"uael-post-815\">\n\t\t\t\t\t<span class=\"elementor-button-content-wrapper\">\n\t\t\t\t\t\t\t\t\t\t\t\t\t\t<span class=\"elementor-button-icon elementor-align-icon-left\">\n\n\t\t\t\t\t\t\t\t\t\n\t\t\t\t\t\t\t\t<\/span>\n\t\t\t\t\t\t\t\t\t\t\t\t\t\n\t\t\t\t\t\t<span class=\"elementor-button-text\" id=uael-post-815>MORE INFO<\/span>\n\t\t\t\t\t<\/span>\n\t\t\t\t<\/a>\n\t\t\t\t\t\t<\/div>\n\t\t\t\n\t\t<\/div>\n\t\t\n\t<\/div>\n\n<\/div>\n\n<div class=\"uael-post-wrapper   uncategorized \">\n\t<div class=\"uael-post__bg-wrap\">\n\n\t\t\t\t\t<a href=\"https:\/\/katlapinski.management\/en\/project-management-for-new-process-and-ramp-up-of-modell-3-seating-production-for-tesla-in-alabama-usa-incl-sop-responsibility\/\" target=\"_self\" class=\"uael-post__complete-box-overlay\" aria-label=\"Link Complete Box\"><\/a>\n\t\t\t\t\n\t\t<div class=\"uael-post__inner-wrap\">\n\n\t\t\t\t<div class=\"uael-post__thumbnail\">\n\t\t\t\n\t\t\t<a href=\"https:\/\/katlapinski.management\/en\/project-management-for-new-process-and-ramp-up-of-modell-3-seating-production-for-tesla-in-alabama-usa-incl-sop-responsibility\/\" target=\"_self\" title=\"Project management for new-process and Ramp-up of Modell 3 seating production for TESLA in Alabama USA incl. SOP responsibility\"><img width=\"900\" height=\"400\" src=\"https:\/\/katlapinski.management\/wp-content\/uploads\/2021\/01\/Katlapinski-Interim-Management-beitrag-tesla-automotive-02.jpg\" class=\"attachment-full size-full\" alt=\"\" loading=\"lazy\" \/><\/a>\n\t\t\t\t\t<\/div>\n\t\t\n\t\t\t\n\t\t\t<div class=\"uael-post__content-wrap\">\n\t\t\t\t\t<h3 class=\"uael-post__title\">\n\n\t\t\n\t\t\t\t\t\t<a href=\"https:\/\/katlapinski.management\/en\/project-management-for-new-process-and-ramp-up-of-modell-3-seating-production-for-tesla-in-alabama-usa-incl-sop-responsibility\/\" target=\"_self\">\n\t\t\t\tProject management for new-process and Ramp-up of Modell 3 seating production for TESLA in Alabama USA incl. SOP responsibility\t\t\t<\/a>\n\n\t\t\t\t<\/h3>\n\t\t\n\t\t<div class=\"uael-post__excerpt\">\n\t\t\t<p>Fehrer Automotive<\/p>\n\t\t<\/div>\n\n\t\t\t\t\t<a class=\"uael-post__read-more elementor-button\" href=\"https:\/\/katlapinski.management\/en\/project-management-for-new-process-and-ramp-up-of-modell-3-seating-production-for-tesla-in-alabama-usa-incl-sop-responsibility\/\" target=\"_self\" aria-labelledby=\"uael-post-819\">\n\t\t\t\t\t<span class=\"elementor-button-content-wrapper\">\n\t\t\t\t\t\t\t\t\t\t\t\t\t\t<span class=\"elementor-button-icon elementor-align-icon-left\">\n\n\t\t\t\t\t\t\t\t\t\n\t\t\t\t\t\t\t\t<\/span>\n\t\t\t\t\t\t\t\t\t\t\t\t\t\n\t\t\t\t\t\t<span class=\"elementor-button-text\" id=uael-post-819>MORE INFO<\/span>\n\t\t\t\t\t<\/span>\n\t\t\t\t<\/a>\n\t\t\t\t\t\t<\/div>\n\t\t\t\n\t\t<\/div>\n\t\t\n\t<\/div>\n\n<\/div>\n\n<div class=\"uael-post-wrapper   uncategorized \">\n\t<div class=\"uael-post__bg-wrap\">\n\n\t\t\t\t\t<a href=\"https:\/\/katlapinski.management\/en\/developing-an-international-complaint-handling-system-for-tyco-electronics-te-connectivity\/\" target=\"_self\" class=\"uael-post__complete-box-overlay\" aria-label=\"Link Complete Box\"><\/a>\n\t\t\t\t\n\t\t<div class=\"uael-post__inner-wrap\">\n\n\t\t\t\t<div class=\"uael-post__thumbnail\">\n\t\t\t\n\t\t\t<a href=\"https:\/\/katlapinski.management\/en\/developing-an-international-complaint-handling-system-for-tyco-electronics-te-connectivity\/\" target=\"_self\" title=\"Developing an international complaint handling system for Tyco Electronics \/ TE Connectivity\"><img width=\"900\" height=\"400\" src=\"https:\/\/katlapinski.management\/wp-content\/uploads\/2021\/01\/Katlapinski-Interim-Management-beitrag-global-complaint-handling-01.jpg\" class=\"attachment-full size-full\" alt=\"\" loading=\"lazy\" \/><\/a>\n\t\t\t\t\t<\/div>\n\t\t\n\t\t\t\n\t\t\t<div class=\"uael-post__content-wrap\">\n\t\t\t\t\t<h3 class=\"uael-post__title\">\n\n\t\t\n\t\t\t\t\t\t<a href=\"https:\/\/katlapinski.management\/en\/developing-an-international-complaint-handling-system-for-tyco-electronics-te-connectivity\/\" target=\"_self\">\n\t\t\t\tDeveloping an international complaint handling system for Tyco Electronics \/ TE Connectivity\t\t\t<\/a>\n\n\t\t\t\t<\/h3>\n\t\t\n\t\t<div class=\"uael-post__excerpt\">\n\t\t\t<p>Tyco Electronics, TE Connectivity<\/p>\n\t\t<\/div>\n\n\t\t\t\t\t<a class=\"uael-post__read-more elementor-button\" href=\"https:\/\/katlapinski.management\/en\/developing-an-international-complaint-handling-system-for-tyco-electronics-te-connectivity\/\" target=\"_self\" aria-labelledby=\"uael-post-823\">\n\t\t\t\t\t<span class=\"elementor-button-content-wrapper\">\n\t\t\t\t\t\t\t\t\t\t\t\t\t\t<span class=\"elementor-button-icon elementor-align-icon-left\">\n\n\t\t\t\t\t\t\t\t\t\n\t\t\t\t\t\t\t\t<\/span>\n\t\t\t\t\t\t\t\t\t\t\t\t\t\n\t\t\t\t\t\t<span class=\"elementor-button-text\" id=uael-post-823>MORE INFO<\/span>\n\t\t\t\t\t<\/span>\n\t\t\t\t<\/a>\n\t\t\t\t\t\t<\/div>\n\t\t\t\n\t\t<\/div>\n\t\t\n\t<\/div>\n\n<\/div>\n\t\t\t\t<\/div>\n\t\t\t\t\t\t\n\t\t<\/div>\n\n\t\t\t\t\t\t<\/div>\n\t\t<div class=\"uael-post__footer\">\n\t\t\t\t\t<\/div>\n\t\t\t\t<\/div>\n\t\t\t\t<\/div>\n\t\t\t\t\t\t<\/div>\n\t\t\t\t\t<\/div>\n\t\t<\/div>\n\t\t\t\t\t\t\t\t<\/div>\n\t\t\t\t\t<\/div>\n\t\t<\/section>\n\t\t\t\t\t\t\t\t\t<\/div>\n\t\t\t<\/div>\n\t\t\t\t\t<\/div>\n\t\t","protected":false},"excerpt":{"rendered":"<p>\u00bb Have a look at my achievements and accomplishments. \u00ab Insights to my project assignments Neu-Aufbau US-Business \/ Greenfield Operation f\u00fcr ehemalige R\u00fctgers Automotive AG R\u00fctgers Automotive AG, Ruhrkohle heute Sika AG MORE INFO Projektmanagement f\u00fcr Neu-Anlage und Anlauf der Sitzfertigung f\u00fcr TESLA in Alabama USA einschl. SOP Verantwortung Fehrer Automotive MORE INFO Einf\u00fchrung des &hellip;<\/p>\n<p class=\"read-more\"> <a class=\"\" href=\"https:\/\/katlapinski.management\/en\/developing-an-international-complaint-handling-system-for-tyco-electronics-te-connectivity\/\"> <span class=\"screen-reader-text\">Developing an international complaint handling system for Tyco Electronics \/ TE Connectivity<\/span> Read More \u00bb<\/a><\/p>\n","protected":false},"author":1,"featured_media":752,"parent":0,"menu_order":3,"comment_status":"closed","ping_status":"closed","template":"","meta":{"site-sidebar-layout":"no-sidebar","site-content-layout":"page-builder","ast-global-header-display":"","ast-main-header-display":"","ast-hfb-above-header-display":"","ast-hfb-below-header-display":"","ast-hfb-mobile-header-display":"","site-post-title":"disabled","ast-breadcrumbs-content":"disabled","ast-featured-img":"disabled","footer-sml-layout":"","theme-transparent-header-meta":"default","adv-header-id-meta":"","stick-header-meta":"default","header-above-stick-meta":"","header-main-stick-meta":"","header-below-stick-meta":""},"yoast_head":"<!-- This site is optimized with the Yoast SEO plugin v19.8 - https:\/\/yoast.com\/wordpress\/plugins\/seo\/ -->\n<title>Christian Katlapinski: Insights to my project assignments<\/title>\n<meta name=\"description\" content=\"No matter whether it concerns the establishment of US businesses or the project management for a seat manufacturing launch includ. SOP responsibility or ...\" \/>\n<meta name=\"robots\" content=\"index, follow, max-snippet:-1, max-image-preview:large, max-video-preview:-1\" \/>\n<link rel=\"canonical\" href=\"https:\/\/katlapinski.management\/en\/projects\/\" \/>\n<meta property=\"og:locale\" content=\"en_US\" \/>\n<meta property=\"og:type\" content=\"article\" \/>\n<meta property=\"og:title\" content=\"Christian Katlapinski: Insights to my project assignments\" \/>\n<meta property=\"og:description\" content=\"No matter whether it concerns the establishment of US businesses or the project management for a seat manufacturing launch includ. SOP responsibility or ...\" \/>\n<meta property=\"og:url\" content=\"https:\/\/katlapinski.management\/en\/projects\/\" \/>\n<meta property=\"og:site_name\" content=\"Christian Katlapinski\" \/>\n<meta property=\"article:modified_time\" content=\"2021-11-17T19:42:55+00:00\" \/>\n<meta property=\"og:image\" content=\"https:\/\/katlapinski.management\/wp-content\/uploads\/2021\/01\/Katlapinski-Interim-Management-projects-portrait-01.jpg\" \/>\n\t<meta property=\"og:image:width\" content=\"800\" \/>\n\t<meta property=\"og:image:height\" content=\"600\" \/>\n\t<meta property=\"og:image:type\" content=\"image\/jpeg\" \/>\n<meta name=\"twitter:card\" content=\"summary_large_image\" \/>\n<script type=\"application\/ld+json\" class=\"yoast-schema-graph\">{\"@context\":\"https:\/\/schema.org\",\"@graph\":[{\"@type\":\"WebPage\",\"@id\":\"https:\/\/katlapinski.management\/en\/projects\/\",\"url\":\"https:\/\/katlapinski.management\/en\/projects\/\",\"name\":\"Christian Katlapinski: Insights to my project assignments\",\"isPartOf\":{\"@id\":\"https:\/\/katlapinski.management\/en\/#website\"},\"datePublished\":\"2021-11-16T20:11:37+00:00\",\"dateModified\":\"2021-11-17T19:42:55+00:00\",\"description\":\"No matter whether it concerns the establishment of US businesses or the project management for a seat manufacturing launch includ. SOP responsibility or ...\",\"breadcrumb\":{\"@id\":\"https:\/\/katlapinski.management\/en\/projects\/#breadcrumb\"},\"inLanguage\":\"en-US\",\"potentialAction\":[{\"@type\":\"ReadAction\",\"target\":[\"https:\/\/katlapinski.management\/en\/projects\/\"]}]},{\"@type\":\"BreadcrumbList\",\"@id\":\"https:\/\/katlapinski.management\/en\/projects\/#breadcrumb\",\"itemListElement\":[{\"@type\":\"ListItem\",\"position\":1,\"name\":\"Startseite\",\"item\":\"https:\/\/katlapinski.management\/en\/\"},{\"@type\":\"ListItem\",\"position\":2,\"name\":\"projects\"}]},{\"@type\":\"WebSite\",\"@id\":\"https:\/\/katlapinski.management\/en\/#website\",\"url\":\"https:\/\/katlapinski.management\/en\/\",\"name\":\"Christian Katlapinski\",\"description\":\"Interim Management automotive\",\"publisher\":{\"@id\":\"https:\/\/katlapinski.management\/en\/#\/schema\/person\/3b3ff49ec8dc312e2322234354935490\"},\"potentialAction\":[{\"@type\":\"SearchAction\",\"target\":{\"@type\":\"EntryPoint\",\"urlTemplate\":\"https:\/\/katlapinski.management\/en\/?s={search_term_string}\"},\"query-input\":\"required name=search_term_string\"}],\"inLanguage\":\"en-US\"},{\"@type\":[\"Person\",\"Organization\"],\"@id\":\"https:\/\/katlapinski.management\/en\/#\/schema\/person\/3b3ff49ec8dc312e2322234354935490\",\"name\":\"Christian Katlapinski\",\"image\":{\"@type\":\"ImageObject\",\"inLanguage\":\"en-US\",\"@id\":\"https:\/\/katlapinski.management\/en\/#\/schema\/person\/image\/\",\"url\":\"https:\/\/katlapinski.management\/wp-content\/uploads\/2021\/01\/Katlapinski-Interim-Management-portrait-04.jpg\",\"contentUrl\":\"https:\/\/katlapinski.management\/wp-content\/uploads\/2021\/01\/Katlapinski-Interim-Management-portrait-04.jpg\",\"width\":1564,\"height\":1000,\"caption\":\"Christian Katlapinski\"},\"logo\":{\"@id\":\"https:\/\/katlapinski.management\/en\/#\/schema\/person\/image\/\"}}]}<\/script>\n<!-- \/ Yoast SEO plugin. -->","yoast_head_json":{"title":"Christian Katlapinski: Insights to my project assignments","description":"No matter whether it concerns the establishment of US businesses or the project management for a seat manufacturing launch includ. SOP responsibility or ...","robots":{"index":"index","follow":"follow","max-snippet":"max-snippet:-1","max-image-preview":"max-image-preview:large","max-video-preview":"max-video-preview:-1"},"canonical":"https:\/\/katlapinski.management\/en\/projects\/","og_locale":"en_US","og_type":"article","og_title":"Christian Katlapinski: Insights to my project assignments","og_description":"No matter whether it concerns the establishment of US businesses or the project management for a seat manufacturing launch includ. SOP responsibility or ...","og_url":"https:\/\/katlapinski.management\/en\/projects\/","og_site_name":"Christian Katlapinski","article_modified_time":"2021-11-17T19:42:55+00:00","og_image":[{"width":800,"height":600,"url":"https:\/\/katlapinski.management\/wp-content\/uploads\/2021\/01\/Katlapinski-Interim-Management-projects-portrait-01.jpg","type":"image\/jpeg"}],"twitter_card":"summary_large_image","schema":{"@context":"https:\/\/schema.org","@graph":[{"@type":"WebPage","@id":"https:\/\/katlapinski.management\/en\/projects\/","url":"https:\/\/katlapinski.management\/en\/projects\/","name":"Christian Katlapinski: Insights to my project assignments","isPartOf":{"@id":"https:\/\/katlapinski.management\/en\/#website"},"datePublished":"2021-11-16T20:11:37+00:00","dateModified":"2021-11-17T19:42:55+00:00","description":"No matter whether it concerns the establishment of US businesses or the project management for a seat manufacturing launch includ. SOP responsibility or ...","breadcrumb":{"@id":"https:\/\/katlapinski.management\/en\/projects\/#breadcrumb"},"inLanguage":"en-US","potentialAction":[{"@type":"ReadAction","target":["https:\/\/katlapinski.management\/en\/projects\/"]}]},{"@type":"BreadcrumbList","@id":"https:\/\/katlapinski.management\/en\/projects\/#breadcrumb","itemListElement":[{"@type":"ListItem","position":1,"name":"Startseite","item":"https:\/\/katlapinski.management\/en\/"},{"@type":"ListItem","position":2,"name":"projects"}]},{"@type":"WebSite","@id":"https:\/\/katlapinski.management\/en\/#website","url":"https:\/\/katlapinski.management\/en\/","name":"Christian Katlapinski","description":"Interim Management automotive","publisher":{"@id":"https:\/\/katlapinski.management\/en\/#\/schema\/person\/3b3ff49ec8dc312e2322234354935490"},"potentialAction":[{"@type":"SearchAction","target":{"@type":"EntryPoint","urlTemplate":"https:\/\/katlapinski.management\/en\/?s={search_term_string}"},"query-input":"required name=search_term_string"}],"inLanguage":"en-US"},{"@type":["Person","Organization"],"@id":"https:\/\/katlapinski.management\/en\/#\/schema\/person\/3b3ff49ec8dc312e2322234354935490","name":"Christian Katlapinski","image":{"@type":"ImageObject","inLanguage":"en-US","@id":"https:\/\/katlapinski.management\/en\/#\/schema\/person\/image\/","url":"https:\/\/katlapinski.management\/wp-content\/uploads\/2021\/01\/Katlapinski-Interim-Management-portrait-04.jpg","contentUrl":"https:\/\/katlapinski.management\/wp-content\/uploads\/2021\/01\/Katlapinski-Interim-Management-portrait-04.jpg","width":1564,"height":1000,"caption":"Christian Katlapinski"},"logo":{"@id":"https:\/\/katlapinski.management\/en\/#\/schema\/person\/image\/"}}]}},"_links":{"self":[{"href":"https:\/\/katlapinski.management\/en\/wp-json\/wp\/v2\/pages\/811"}],"collection":[{"href":"https:\/\/katlapinski.management\/en\/wp-json\/wp\/v2\/pages"}],"about":[{"href":"https:\/\/katlapinski.management\/en\/wp-json\/wp\/v2\/types\/page"}],"author":[{"embeddable":true,"href":"https:\/\/katlapinski.management\/en\/wp-json\/wp\/v2\/users\/1"}],"replies":[{"embeddable":true,"href":"https:\/\/katlapinski.management\/en\/wp-json\/wp\/v2\/comments?post=811"}],"version-history":[{"count":16,"href":"https:\/\/katlapinski.management\/en\/wp-json\/wp\/v2\/pages\/811\/revisions"}],"predecessor-version":[{"id":858,"href":"https:\/\/katlapinski.management\/en\/wp-json\/wp\/v2\/pages\/811\/revisions\/858"}],"wp:featuredmedia":[{"embeddable":true,"href":"https:\/\/katlapinski.management\/en\/wp-json\/wp\/v2\/media\/752"}],"wp:attachment":[{"href":"https:\/\/katlapinski.management\/en\/wp-json\/wp\/v2\/media?parent=811"}],"curies":[{"name":"wp","href":"https:\/\/api.w.org\/{rel}","templated":true}]}}